{"id":804,"date":"2024-07-13T18:47:31","date_gmt":"2024-07-13T16:47:31","guid":{"rendered":"https:\/\/cybercars.pl\/?post_type=product&#038;p=804"},"modified":"2026-03-20T16:23:33","modified_gmt":"2026-03-20T15:23:33","slug":"przetwornica-podnoszaca-napiecie-z-stabilizacja-pradu","status":"publish","type":"product","link":"https:\/\/cybercars.pl\/en\/product\/przetwornica-podnoszaca-napiecie-z-stabilizacja-pradu\/","title":{"rendered":"Przetwornica podnosz\u0105ca napi\u0119cie z stabilizacj\u0105 pr\u0105du."},"content":{"rendered":"<p>Nasza najbardziej zaawansowana przetwornica podnosz\u0105ca napi\u0119cie i stabilizuj\u0105ca pr\u0105d to zaawansowane rozwi\u0105zanie oparte na dw\u00f3ch uk\u0142adach: MT3608 i PT4115. Ta kompaktowa przetwornica jest idealna do r\u00f3\u017cnorodnych zastosowa\u0144, gdzie wymagana jest precyzyjna regulacja napi\u0119cia i pr\u0105du.<\/p>\n<p><strong>Kluczowe cechy:<\/strong><\/p>\n<ul>\n<li><strong>Podw\u00f3jna regulacja:<\/strong> Uk\u0142ad MT3608 podnosi napi\u0119cie wej\u015bciowe, a nast\u0119pnie przekazuje je do uk\u0142adu PT4115, kt\u00f3ry ogranicza i stabilizuje pr\u0105d. Oba uk\u0142ady mog\u0105 by\u0107 regulowane za pomoc\u0105 rezystora, co pozwala na precyzyjne dostosowanie parametr\u00f3w do potrzeb u\u017cytkownika.<\/li>\n<li><strong>Kompaktowe wymiary:<\/strong> Przetwornica ma wymiary zaledwie 47mm x 12mm, co umo\u017cliwia \u0142atw\u0105 integracj\u0119 w r\u00f3\u017cnych projektach i aplikacjach.<\/li>\n<li><strong>Efektywne ch\u0142odzenie:<\/strong> Uk\u0142ad zosta\u0142 zaprojektowany w taki spos\u00f3b aby jednocze\u015bnie zapewni\u0107 jak najmniejsze wymiary i jak najwi\u0119ksz\u0105 zdolno\u015b\u0107 do odprowadzania ciep\u0142a.<\/li>\n<\/ul>\n<p>Zalecamy podnie\u015b\u0107 napi\u0119cie dopiero po dok\u0142adnym przeliczeniu rzeczywistego napi\u0119cia potrzebnego do zasilenia diod. Nadmiar napi\u0119cia b\u0119dzie generowa\u0142 dodatkowe ciep\u0142o w uk\u0142adzie stabilizuj\u0105cym pr\u0105d. W takiej sytuacji uk\u0142ad b\u0119dzie zmuszony do wytracenia nadmiaru napi\u0119cia, co niepotrzebnie zwi\u0119kszy temperatur\u0119. Zwi\u0119kszone ciep\u0142o mo\u017ce prowadzi\u0107 do przegrzewania si\u0119 komponent\u00f3w, co z kolei mo\u017ce obni\u017cy\u0107 ich wydajno\u015b\u0107 oraz skr\u00f3ci\u0107 \u017cywotno\u015b\u0107 przetwornicy.<\/p>\n<p><span style=\"color: #ff0000;\"><strong>Uwaga!!<\/strong><\/span><\/p>\n<p>1.Pr\u0105d startowy przetwornicy mo\u017ce osi\u0105ga\u0107 do 6A przy maksymalnym obci\u0105\u017ceniu. Brak zapewnienia wystarczaj\u0105cego pr\u0105du mo\u017ce doprowadzi\u0107 do uszkodzenia przetwornicy.<\/p>\n<p>Przy uruchamianiu uk\u0142ad mo\u017ce wymaga\u0107 wysokiego pr\u0105du pocz\u0105tkowego, aby prawid\u0142owo zainicjowa\u0107 swoje dzia\u0142anie. Je\u015bli \u017ar\u00f3d\u0142o zasilania nie jest w stanie dostarczy\u0107 takiego pr\u0105du, mo\u017ce doj\u015b\u0107 do przeci\u0105\u017cenia i uszkodzenia przetwornicy. Dlatego wa\u017cne jest, aby upewni\u0107 si\u0119, \u017ce \u017ar\u00f3d\u0142o zasilania ma wystarczaj\u0105c\u0105 wydajno\u015b\u0107 pr\u0105dow\u0105, aby zapewni\u0107 bezpieczne i efektywne dzia\u0142anie uk\u0142adu.<\/p>\n<p>2. Przetwornic\u0119 zawsze mocujemy za pomoc\u0105 \u015brodka termoprzewodz\u0105cego do powierzchni, kt\u00f3ra b\u0119dzie zdolna do skutecznego rozpraszania powsta\u0142ego ciep\u0142a.<\/p>\n<p>&nbsp;<\/p>","protected":false},"excerpt":{"rendered":"<p>Nasza najbardziej zaawansowana przetwornica podnosz\u0105ca napi\u0119cie i stabilizuj\u0105ca pr\u0105d to zaawansowane rozwi\u0105zanie oparte na dw\u00f3ch uk\u0142adach: MT3608 i PT4115. Ta kompaktowa przetwornica jest idealna do r\u00f3\u017cnorodnych zastosowa\u0144, gdzie wymagana jest&#8230;<\/p>","protected":false},"featured_media":805,"comment_status":"closed","ping_status":"closed","template":"","meta":{"_acf_changed":false,"inline_featured_image":false},"product_brand":[],"product_cat":[27,120,139],"product_tag":[],"class_list":{"0":"post-804","1":"product","2":"type-product","3":"status-publish","4":"has-post-thumbnail","6":"product_cat-elektronika","7":"product_cat-driveryled","8":"product_cat-driveryccv","10":"first","11":"outofstock","12":"taxable","13":"shipping-taxable","14":"purchasable","15":"product-type-simple"},"acf":[],"jetpack_sharing_enabled":true,"tiered_pricing_type":"fixed","tiered_pricing_fixed_rules":[],"tiered_pricing_product_settings":{"layout":"default","base_unit_name":{"singular":null,"plural":null},"default_variation":null},"tiered_pricing_minimum_quantity":null,"tiered_pricing_roles_data":[],"tiered_pricing_percentage_rules":[],"_links":{"self":[{"href":"https:\/\/cybercars.pl\/en\/wp-json\/wp\/v2\/product\/804","targetHints":{"allow":["GET"]}}],"collection":[{"href":"https:\/\/cybercars.pl\/en\/wp-json\/wp\/v2\/product"}],"about":[{"href":"https:\/\/cybercars.pl\/en\/wp-json\/wp\/v2\/types\/product"}],"replies":[{"embeddable":true,"href":"https:\/\/cybercars.pl\/en\/wp-json\/wp\/v2\/comments?post=804"}],"wp:featuredmedia":[{"embeddable":true,"href":"https:\/\/cybercars.pl\/en\/wp-json\/wp\/v2\/media\/805"}],"wp:attachment":[{"href":"https:\/\/cybercars.pl\/en\/wp-json\/wp\/v2\/media?parent=804"}],"wp:term":[{"taxonomy":"product_brand","embeddable":true,"href":"https:\/\/cybercars.pl\/en\/wp-json\/wp\/v2\/product_brand?post=804"},{"taxonomy":"product_cat","embeddable":true,"href":"https:\/\/cybercars.pl\/en\/wp-json\/wp\/v2\/product_cat?post=804"},{"taxonomy":"product_tag","embeddable":true,"href":"https:\/\/cybercars.pl\/en\/wp-json\/wp\/v2\/product_tag?post=804"}],"curies":[{"name":"wp","href":"https:\/\/api.w.org\/{rel}","templated":true}]}}